{"id":95,"date":"2025-08-07T14:07:49","date_gmt":"2025-08-07T14:07:49","guid":{"rendered":"http:\/\/tsflorian.pl\/?page_id=95"},"modified":"2025-08-07T14:44:16","modified_gmt":"2025-08-07T14:44:16","slug":"rejestracja-2","status":"publish","type":"page","link":"https:\/\/tsflorian.pl\/?page_id=95","title":{"rendered":"Rejestracja"},"content":{"rendered":"\t<div class='user-registration ur-frontend-form   ' id='user-registration-form-93'>\n\t\t\t\t\t\t\t\t<form method='post' class='register' data-form-id=\"93\"\n\t\t\t\tdata-enable-strength-password=\"1\" data-minimum-password-strength=\"2\"\n\t\t\t\t\t\t\t\t\t\t\t\t\t\t\t data-captcha-enabled=\"\">\n\n\t\t\t\t<div class=\"ur-form-row\" data-row-id=\"0\">\t\t\t\t\t\t<div class=\"ur-form-grid ur-grid-1\"\n\t\t\t\t\t\t\tstyle=\"width:48%\">\n\t\t\t\t\t\t\t\t\t\t\t\t\t\t<div  data-field-id=\"user_login\" class=\"ur-field-item field-user_login \" data-ref-id=\"user_login\" data-field-pattern-enabled=\"0\" data-field-pattern-value=\" \" data-field-pattern-message=\" \">\n\t\t\t\t\t\t\t\t\t<div class=\"form-row validate-required\" id=\"user_login_field\" data-priority=\"\" ><label for=\"user_login\" class=\"ur-label\">Nazwa u\u017cytkownika (j.kowalski) <abbr class=\"required\" title=\"required\">*<\/abbr><\/label> <span class=\"input-wrapper\"> <input  data-rules=\"\" data-id=\"user_login\" type=\"text\" class=\"input-text   input-text ur-frontend-field  \" name=\"user_login\" id=\"user_login\" placeholder=\"wpisz nazw\u0119 u\u017cytkownika\"  value=\"\" required=\"required\" data-label=\"Nazwa u\u017cytkownika (j.kowalski)\" data-username-character=\"1\"\/> <\/span> <\/div>\t\t\t\t\t\t\t\t<\/div>\n\t\t\t\t\t\t\t\t\t\t\t\t\t\t\t\t<div  data-field-id=\"first_name\" class=\"ur-field-item field-first_name \" data-ref-id=\"first_name\" data-field-pattern-enabled=\"0\" data-field-pattern-value=\" \" data-field-pattern-message=\" \">\n\t\t\t\t\t\t\t\t\t<div class=\"form-row validate-required\" id=\"first_name_field\" data-priority=\"\" ><label for=\"first_name\" class=\"ur-label\">Imi\u0119 <abbr class=\"required\" title=\"required\">*<\/abbr><\/label> <span class=\"input-wrapper\"> <input  data-rules=\"\" data-id=\"first_name\" type=\"text\" class=\"input-text   input-text ur-frontend-field  \" name=\"first_name\" id=\"first_name\" placeholder=\"wpisz imi\u0119\"  value=\"\" required=\"required\" data-label=\"Imi\u0119\" \/> <\/span> <\/div>\t\t\t\t\t\t\t\t<\/div>\n\t\t\t\t\t\t\t\t\t\t\t\t\t\t<\/div>\n\t\t\t\t\t\t\t\t\t\t\t\t<div class=\"ur-form-grid ur-grid-2\"\n\t\t\t\t\t\t\tstyle=\"width:48%\">\n\t\t\t\t\t\t\t\t\t\t\t\t\t\t<div  data-field-id=\"user_email\" class=\"ur-field-item field-user_email \" data-ref-id=\"user_email\" data-field-pattern-enabled=\"0\" data-field-pattern-value=\" \" data-field-pattern-message=\" \">\n\t\t\t\t\t\t\t\t\t<div class=\"form-row validate-required\" id=\"user_email_field\" data-priority=\"\" ><label for=\"user_email\" class=\"ur-label\">Adres Email <abbr class=\"required\" title=\"required\">*<\/abbr><\/label> <span class=\"input-wrapper\"> <input  data-rules=\"\" data-id=\"user_email\" type=\"email\" class=\"input-text   input-email ur-frontend-field  \" name=\"user_email\" id=\"user_email\" placeholder=\"\"  value=\"\" required=\"required\" data-label=\"Adres Email\" \/> <\/span> <\/div>\t\t\t\t\t\t\t\t<\/div>\n\t\t\t\t\t\t\t\t\t\t\t\t\t\t\t\t<div  data-field-id=\"last_name\" class=\"ur-field-item field-last_name \" data-ref-id=\"last_name\" data-field-pattern-enabled=\"0\" data-field-pattern-value=\" \" data-field-pattern-message=\" \">\n\t\t\t\t\t\t\t\t\t<div class=\"form-row \" id=\"last_name_field\" data-priority=\"\" ><label for=\"last_name\" class=\"ur-label\">Nazwisko<\/label> <span class=\"input-wrapper\"> <input  data-rules=\"\" data-id=\"last_name\" type=\"text\" class=\"input-text   input-text ur-frontend-field  \" name=\"last_name\" id=\"last_name\" placeholder=\"wpisz nazwisko (wymagane w przypadku cz\u0142onk\u00f3w)\"  value=\"\" data-label=\"Nazwisko\" \/> <\/span> <\/div>\t\t\t\t\t\t\t\t<\/div>\n\t\t\t\t\t\t\t\t\t\t\t\t\t\t<\/div>\n\t\t\t\t\t\t\t\t\t\t\t<\/div>\n\t\t\t\t\t<div class=\"ur-form-row\" data-row-id=\"1\">\t\t\t\t\t\t<div class=\"ur-form-grid ur-grid-1\"\n\t\t\t\t\t\t\tstyle=\"width:48%\">\n\t\t\t\t\t\t\t\t\t\t\t\t\t\t<div  data-field-id=\"user_pass\" class=\"ur-field-item field-user_pass \" data-ref-id=\"user_pass\" data-field-pattern-enabled=\"0\" data-field-pattern-value=\" \" data-field-pattern-message=\" \">\n\t\t\t\t\t\t\t\t\t<div class=\"form-row validate-required hide_show_password\" id=\"user_pass_field\" data-priority=\"\"><label for=\"user_pass\" class=\"ur-label\">Has\u0142o <abbr class=\"required\" title=\"required\">*<\/abbr><\/label> <span class=\"input-wrapper\"> <span class=\"password-input-group input-form-field-icons\"><input data-rules=\"\" data-id=\"user_pass\" type=\"password\" class=\"input-text  input-password ur-frontend-field  \" name=\"user_pass\" id=\"user_pass\" placeholder=\"wpisz has\u0142o\"  value=\"\" required=\"required\" data-label=\"Has\u0142o\" \/><\/span> <\/span> <\/div>\t\t\t\t\t\t\t\t<\/div>\n\t\t\t\t\t\t\t\t\t\t\t\t\t\t<\/div>\n\t\t\t\t\t\t\t\t\t\t\t\t<div class=\"ur-form-grid ur-grid-2\"\n\t\t\t\t\t\t\tstyle=\"width:48%\">\n\t\t\t\t\t\t\t\t\t\t\t\t\t\t<div  data-field-id=\"user_confirm_password\" class=\"ur-field-item field-user_confirm_password \" data-ref-id=\"user_confirm_password\" data-field-pattern-enabled=\"0\" data-field-pattern-value=\" \" data-field-pattern-message=\" \">\n\t\t\t\t\t\t\t\t\t<div class=\"form-row validate-required hide_show_password\" id=\"user_confirm_password_field\" data-priority=\"\"><label for=\"user_confirm_password\" class=\"ur-label\">Potwierdzenie has\u0142a <abbr class=\"required\" title=\"required\">*<\/abbr><\/label> <span class=\"input-wrapper\"> <span class=\"password-input-group input-form-field-icons\"><input data-rules=\"\" data-id=\"user_confirm_password\" type=\"password\" class=\"input-text  input-password ur-frontend-field  \" name=\"user_confirm_password\" id=\"user_confirm_password\" placeholder=\"wpisz has\u0142o jeszcze raz\"  value=\"\" required=\"required\" data-label=\"Potwierdzenie has\u0142a\" \/><\/span> <\/span> <\/div>\t\t\t\t\t\t\t\t<\/div>\n\t\t\t\t\t\t\t\t\t\t\t\t\t\t<\/div>\n\t\t\t\t\t\t\t\t\t\t\t<\/div>\n\t\t\t\t\t<div class=\"ur-form-row\" data-row-id=\"2\">\t\t\t\t\t\t<div class=\"ur-form-grid ur-grid-1\"\n\t\t\t\t\t\t\tstyle=\"width:48%\">\n\t\t\t\t\t\t\t\t\t\t\t\t\t\t<div  data-field-id=\"input_box_1754575951\" class=\"ur-field-item field-text \" data-ref-id=\"input_box_1754575951\" data-field-pattern-enabled=\"0\" data-field-pattern-value=\" \" data-field-pattern-message=\" \">\n\t\t\t\t\t\t\t\t\t<div class=\"form-row \" id=\"input_box_1754575951_field\" data-priority=\"\" ><label for=\"input_box_1754575951\" class=\"ur-label\">Numer telefonu<\/label> <span class=\"input-wrapper\"> <input  data-rules=\"\" data-id=\"input_box_1754575951\" type=\"text\" class=\"input-text   input-text ur-frontend-field  \" name=\"input_box_1754575951\" id=\"input_box_1754575951\" placeholder=\"wpisz numer telefonu (bez +48, wymagane w przypadku cz\u0142onk\u00f3w)\"  value=\"\" data-label=\"Numer telefonu\" minlength=\"9\" maxlength=\"9\" \/> <\/span> <\/div>\t\t\t\t\t\t\t\t<\/div>\n\t\t\t\t\t\t\t\t\t\t\t\t\t\t<\/div>\n\t\t\t\t\t\t\t\t\t\t\t\t<div class=\"ur-form-grid ur-grid-2\"\n\t\t\t\t\t\t\tstyle=\"width:48%\">\n\t\t\t\t\t\t\t\t\t\t\t\t<\/div>\n\t\t\t\t\t\t\t\t\t\t\t<\/div>\n\t\t\t\t\t<div class=\"ur-form-row\" data-row-id=\"3\">\t\t\t\t\t\t<div class=\"ur-form-grid ur-grid-1\"\n\t\t\t\t\t\t\tstyle=\"width:99%\">\n\t\t\t\t\t\t\t\t\t\t\t\t\t\t<div  data-field-id=\"membership_field_1754575669\" class=\"ur-field-item field-membership \" data-ref-id=\"membership_field_1754575669\" data-field-pattern-enabled=\"0\" data-field-pattern-value=\" \" data-field-pattern-message=\" \">\n\t\t\t\t\t\t\t\t\t<div class=\"notice-container\">\n\t<div class=\"notice_red\">\n\t\t<span class=\"notice_message\"><\/span>\n\t\t<span class=\"close_notice\">&times;<\/span>\n\t<\/div>\n<\/div>\n<!--user registration section-->\n<div id=\"ur-membership-registration\" class=\"ur_membership_registration_container ur-form-container\">\n\t\n\t<!--\tmembership-->\n\t<div id=\"urm-membership-list\" class=\"ur_membership_frontend_input_container radio\">\n\n\t\t<label\n\t\t\tclass=\"ur-label ur_membership_input_label required\">Prosz\u0119, daj nam zna\u0107 kim jeste\u015b \ud83d\ude42\t\t\t<abbr class=\"required\" title=\"required\">*<\/abbr>\n\t\t<\/label>\n\t\t\t\t\t\t<label class=\"ur_membership_input_label ur-label\"\n\t\t\t\t\t\tfor=\"ur-membership-select-membership-101\">\n\t\t\t\t\t<input class=\"ur_membership_input_class ur_membership_radio_input ur-frontend-field\"\n\t\t\t\t\t\t\tdata-key-name=\"ur-membership-id\"\n\t\t\t\t\t\t\tid=\"ur-membership-select-membership-101\"\n\t\t\t\t\t\t\ttype=\"radio\"\n\t\t\t\t\t\t\tname=\"urm_membership\"\n\t\t\t\t\t\t\tdata-name=membership_field_1754575669\t\t\t\t\t\t\tdata-label=membership\t\t\t\t\t\t\trequired=\"required\"\n\t\t\t\t\t\t\tvalue=\"101\"\n\t\t\t\t\t\t\tdata-urm-pg=''\n\t\t\t\t\t\t\tdata-urm-pg-type=\"free\"\n\t\t\t\t\t\t\tdata-urm-pg-calculated-amount=\"0\"\n\t\t\t\t\t\t\t\t\t\t\t>\n\t\t\t\t\t<span\n\t\t\t\t\t\tclass=\"ur-membership-duration\">Cz\u0142onek stowarzyszenia<\/span>\n\t\t\t\t\t<span\n\t\t\t\t\t\tclass=\"ur-membership-duration\"> - Free<\/span>\n\t\t\t\t<\/label>\n\t\t\t\t\t\t\t<label class=\"ur_membership_input_label ur-label\"\n\t\t\t\t\t\tfor=\"ur-membership-select-membership-94\">\n\t\t\t\t\t<input class=\"ur_membership_input_class ur_membership_radio_input ur-frontend-field\"\n\t\t\t\t\t\t\tdata-key-name=\"ur-membership-id\"\n\t\t\t\t\t\t\tid=\"ur-membership-select-membership-94\"\n\t\t\t\t\t\t\ttype=\"radio\"\n\t\t\t\t\t\t\tname=\"urm_membership\"\n\t\t\t\t\t\t\tdata-name=membership_field_1754575669\t\t\t\t\t\t\tdata-label=membership\t\t\t\t\t\t\trequired=\"required\"\n\t\t\t\t\t\t\tvalue=\"94\"\n\t\t\t\t\t\t\tdata-urm-pg=''\n\t\t\t\t\t\t\tdata-urm-pg-type=\"free\"\n\t\t\t\t\t\t\tdata-urm-pg-calculated-amount=\"0\"\n\t\t\t\t\t\t\t\t\t\t\t>\n\t\t\t\t\t<span\n\t\t\t\t\t\tclass=\"ur-membership-duration\">Czytelnik<\/span>\n\t\t\t\t\t<span\n\t\t\t\t\t\tclass=\"ur-membership-duration\"> - Free<\/span>\n\t\t\t\t<\/label>\n\t\t\t\t\t<span id=\"membership-input-notice\">\n\t\t<\/span>\n\t<\/div>\n\t<!--\tcoupon container-->\n\t\n\t<!--\ttotal container-->\n\t<div id=\"urm-total_container\"\n\t\tclass=\"ur_membership_frontend_input_container urm-d-none urm_hidden_payment_container\">\n\t\t<label class=\"ur_membership_input_label ur-label\"\n\t\t\t\tfor=\"ur-membership-total\">Total<\/label>\n\t\t<input class=\"ur_membership_input_class\"\n\t\t\t\tid=\"ur-membership-total\"\n\t\t\t\tdata-key-name=\"Total\"\n\t\t\t\tname=\"urm_total\"\n\t\t\t\tvalue=\"0\"\n\t\t\t\tdisabled\n\t\t>\n\t\t<span id=\"total-input-notice\">\n\t\t<\/span>\n\t<\/div>\n\n\t<!--\tpayment gateway container -->\n\t<div\n\t\tclass=\"ur_membership_frontend_input_container urm_hidden_payment_container ur_payment_gateway_container urm-d-none\">\n\t\t<hr class=\"ur_membership_divider\">\n\t\t<span\n\t\t\tclass=\"ur_membership_input_label ur-label required\">Select Payment Gateway\t\t<\/span>\n\t\t<div id=\"payment-gateway-body\" class=\"ur_membership_frontend_input_container\">\n\t\t\t\t\t\t\t<label class=\"ur_membership_input_label ur-label\"\n\t\t\t\t\t\tfor=\"ur-membership-paypal\">\n\t\t\t\t\t<input class=\"ur_membership_input_class pg-list\"\n\t\t\t\t\t\t\tdata-key-name=\"ur-payment-method\"\n\t\t\t\t\t\t\tid=\"ur-membership-paypal\"\n\t\t\t\t\t\t\ttype=\"radio\"\n\t\t\t\t\t\t\tname=\"urm_payment_method\"\n\t\t\t\t\t\t\trequired\n\t\t\t\t\t\t\tvalue=\"paypal\"\n\t\t\t\t\t\t\t\t\t\t\t>\n\t\t\t\t\t<span class=\"ur-membership-duration\">\n\t\t\t\t\t\tPaypal\t\t\t\t\t<\/span>\n\t\t\t\t<\/label>\n\t\t\t\t\t\t\t<label class=\"ur_membership_input_label ur-label\"\n\t\t\t\t\t\tfor=\"ur-membership-stripe\">\n\t\t\t\t\t<input class=\"ur_membership_input_class pg-list\"\n\t\t\t\t\t\t\tdata-key-name=\"ur-payment-method\"\n\t\t\t\t\t\t\tid=\"ur-membership-stripe\"\n\t\t\t\t\t\t\ttype=\"radio\"\n\t\t\t\t\t\t\tname=\"urm_payment_method\"\n\t\t\t\t\t\t\trequired\n\t\t\t\t\t\t\tvalue=\"stripe\"\n\t\t\t\t\t\t\t\t\t\t\t>\n\t\t\t\t\t<span class=\"ur-membership-duration\">\n\t\t\t\t\t\tStripe\t\t\t\t\t<\/span>\n\t\t\t\t<\/label>\n\t\t\t\t\t\t\t<label class=\"ur_membership_input_label ur-label\"\n\t\t\t\t\t\tfor=\"ur-membership-bank\">\n\t\t\t\t\t<input class=\"ur_membership_input_class pg-list\"\n\t\t\t\t\t\t\tdata-key-name=\"ur-payment-method\"\n\t\t\t\t\t\t\tid=\"ur-membership-bank\"\n\t\t\t\t\t\t\ttype=\"radio\"\n\t\t\t\t\t\t\tname=\"urm_payment_method\"\n\t\t\t\t\t\t\trequired\n\t\t\t\t\t\t\tvalue=\"bank\"\n\t\t\t\t\t\t\t\t\t\t\t>\n\t\t\t\t\t<span class=\"ur-membership-duration\">\n\t\t\t\t\t\tBank\t\t\t\t\t<\/span>\n\t\t\t\t<\/label>\n\t\t\t\t\t\t<span id=\"payment-gateway-notice\" class=\"notice_red\"><\/span>\n\t\t<\/div>\n\t<\/div>\n\t<div class=\"ur_membership_frontend_input_container\">\n\t\t<div class=\"stripe-container urm-d-none\">\n\t\t\t<button type=\"button\" class=\"stripe-card-indicator ur-stripe-element-selected\"\n\t\t\t\t\tid=\"credit_card\">Credit Card<\/button>\n\t\t\t<div class=\"stripe-input-container\">\n\t\t\t\t<div id=\"card-element\">\n\t\t\t\t<\/div>\n\t\t\t<\/div>\n\t\t<\/div>\n\t\t\t<\/div>\n\n\t<span class=\"description\">\n\t\t\t<\/span>\n\n<\/div>\n<!--user order successful section-->\n\t\t\t\t\t\t\t\t<\/div>\n\t\t\t\t\t\t\t\t\t\t\t\t\t\t<\/div>\n\t\t\t\t\t\t\t\t\t\t\t<\/div>\n\t\t\t\t\t<div class=\"ur-form-row\" data-row-id=\"4\">\t\t\t\t\t\t<div class=\"ur-form-grid ur-grid-1\"\n\t\t\t\t\t\t\tstyle=\"width:99%\">\n\t\t\t\t\t\t\t\t\t\t\t\t<\/div>\n\t\t\t\t\t\t\t\t\t\t\t<\/div>\n\t\t\t\t\t\t\t\t\t\t\t\t\t\t\t\t\t<div class=\"ur-button-container \" >\n\t\t\t\t\t\t\t\t\t\t\t\t\t\t<button type=\"submit\" class=\"btn button ur-submit-button \"  conditional_rules=\"&quot;&quot;\">\n\t\t\t\t\t\t\t\t<span><\/span>\n\t\t\t\t\t\t\t\tSubmit\t\t\t\t\t\t\t<\/button>\n\t\t\t\t\t\t\t\t\t\t\t\t\t\t\t\t\t\t\t\t<\/div>\n\t\t\t\t\t\t\n\t\t\t\t<div style=\"clear:both\"><\/div>\n\t\t\t\t\t\t\t\t<input type=\"hidden\" name=\"ur-registration-language\" value=\"pl-PL\"\/>\n\t\t\t\t<input type=\"hidden\" name=\"ur-user-form-id\" value=\"93\"\/>\n\t\t\t\t<input type=\"hidden\" name=\"ur-redirect-url\" value=\"\"\/>\n\t\t\t\t<input type=\"hidden\" id=\"ur_frontend_form_nonce\" name=\"ur_frontend_form_nonce\" value=\"736f08230b\" \/>\n\t\t\t\t\t\t\t<\/form>\n\t\t\t\n\t\t<div style=\"clear:both\"><\/div>\n\t<\/div>\n\n","protected":false},"excerpt":{"rendered":"","protected":false},"author":1,"featured_media":0,"parent":0,"menu_order":0,"comment_status":"closed","ping_status":"closed","template":"","meta":{"footnotes":""},"class_list":["post-95","page","type-page","status-publish","hentry"],"_links":{"self":[{"href":"https:\/\/tsflorian.pl\/index.php?rest_route=\/wp\/v2\/pages\/95","targetHints":{"allow":["GET"]}}],"collection":[{"href":"https:\/\/tsflorian.pl\/index.php?rest_route=\/wp\/v2\/pages"}],"about":[{"href":"https:\/\/tsflorian.pl\/index.php?rest_route=\/wp\/v2\/types\/page"}],"author":[{"embeddable":true,"href":"https:\/\/tsflorian.pl\/index.php?rest_route=\/wp\/v2\/users\/1"}],"replies":[{"embeddable":true,"href":"https:\/\/tsflorian.pl\/index.php?rest_route=%2Fwp%2Fv2%2Fcomments&post=95"}],"version-history":[{"count":2,"href":"https:\/\/tsflorian.pl\/index.php?rest_route=\/wp\/v2\/pages\/95\/revisions"}],"predecessor-version":[{"id":110,"href":"https:\/\/tsflorian.pl\/index.php?rest_route=\/wp\/v2\/pages\/95\/revisions\/110"}],"wp:attachment":[{"href":"https:\/\/tsflorian.pl\/index.php?rest_route=%2Fwp%2Fv2%2Fmedia&parent=95"}],"curies":[{"name":"wp","href":"https:\/\/api.w.org\/{rel}","templated":true}]}}